{"id":2,"date":"2016-02-17T07:23:48","date_gmt":"2016-02-17T07:23:48","guid":{"rendered":"http:\/\/www.etereacostarica.com\/?page_id=2"},"modified":"2023-09-07T20:30:37","modified_gmt":"2023-09-07T20:30:37","slug":"about","status":"publish","type":"page","link":"https:\/\/etereacostarica.com\/es\/about\/","title":{"rendered":"Acerca"},"content":{"rendered":"<p>[vc_row type=\u00bbfull-nopad\u00bb content_placement=\u00bbtop\u00bb][vc_column][vc_single_image image=\u00bb1915&#8243; img_size=\u00bbfull\u00bb][\/vc_column][\/vc_row][vc_row equal_height=\u00bbyes\u00bb css=\u00bb.vc_custom_1506362560347{padding-top: 80px !important;padding-bottom: 80px !important;}\u00bb][vc_column][vc_custom_heading text=\u00bbEL OR\u00cdGEN DE ET\u00c9REA\u00bb font_container=\u00bbtag:h1|font_size:25|text_align:center|color:%23851619&#8243; google_fonts=\u00bbfont_family:Nunito%3A300%2Cregular%2C700|font_style:300%20light%20regular%3A300%3Anormal\u00bb][vc_empty_space][vc_column_text]<\/p>\n<p style=\"text-align: center;\">Et\u00e9rea surge en el 2012 gracias a un llamado creativo, donde la moda y el dise\u00f1o sirven como un medio para explorar el arquetipo femenino en sus m\u00faltiples expresiones.\u00a0 Adicionalmente, et\u00e9rea busca expresar un estilo y perspectiva de vida que colaboren con un nuevo paradigma socialmente responsable y consciente.<\/p>\n<p style=\"text-align: center;\">Me resulta fascinante que el vestir sea un canal de expresi\u00f3n y que pueda representar, nuestra fuerza y sutileza como mujeres. Disfruto profundamente ver a nuestras clientes sentirse apropiadas de s\u00ed mismas, comunicando a trav\u00e9s de la forma, su aut\u00e9ntica belleza.<\/p>\n<p>[\/vc_column_text][vc_empty_space][vc_custom_heading text=\u00bbEl nombre de la marca fue inspirado por el poeta argentino Oliveiro Girondo, quien en su poema \u201cEspantap\u00e1jaros\u201d hace oda a una mujer et\u00e9rea, una mujer que tiene la habilidad de hacer los quehaceres cotidianos volando\u2026 \u00bb font_container=\u00bbtag:h2|font_size:25|text_align:center|color:%23851619&#8243; google_fonts=\u00bbfont_family:Nunito%3A300%2Cregular%2C700|font_style:300%20light%20regular%3A300%3Anormal\u00bb][vc_empty_space][vc_column_text]<\/p>\n<p style=\"text-align: center;\">Para m\u00ed, et\u00e9rea representa un arquetipo, un recordatorio diario de c\u00f3mo quiero vivir y de lo que quiero comunicar.<\/p>\n<p style=\"text-align: center;\">Andrea Bel\u00e9n<br \/>\nFundadora &amp; Dise\u00f1adora<\/p>\n<p>[\/vc_column_text][\/vc_column][\/vc_row][vc_row type=\u00bbfull-nopad\u00bb equal_height=\u00bbyes\u00bb][vc_column][vc_single_image image=\u00bb1263&#8243; img_size=\u00bbfull\u00bb alignment=\u00bbcenter\u00bb][vc_empty_space height=\u00bb50px\u00bb][\/vc_column][\/vc_row][vc_row type=\u00bbfull-nopad\u00bb equal_height=\u00bbyes\u00bb content_placement=\u00bbtop\u00bb][vc_column width=\u00bb2\/3&#8243;][vc_single_image image=\u00bb1094&#8243; img_size=\u00bbfull\u00bb][\/vc_column][vc_column width=\u00bb1\/3&#8243;][vc_empty_space height=\u00bb70px\u00bb][vc_custom_heading text=\u00bbNuestros dise\u00f1os\u00bb font_container=\u00bbtag:h1|font_size:25|text_align:left|color:%23851619&#8243; google_fonts=\u00bbfont_family:Nunito%3A300%2Cregular%2C700|font_style:300%20light%20regular%3A300%3Anormal\u00bb][vc_empty_space][vc_column_text]Se destacan dise\u00f1os simples, materiales org\u00e1nicos como el cuero, el yute, tejidos artesanales, telas frescas y matices folcl\u00f3ricos en la indumentaria, el calzado y en los dem\u00e1s accesorios.<\/p>\n<p>Nos gusta ofrecer piezas c\u00f3modas y frescas, ideales para climas c\u00e1lidos. Prendas completamente vers\u00e1tiles, adaptables a diferentes situaciones y necesidades, que se puedan vestir tanto en la ciudad como en la playa, en un evento casual o sofisticado.[\/vc_column_text][\/vc_column][\/vc_row][vc_row css=\u00bb.vc_custom_1500333605499{padding-bottom: 150px !important;}\u00bb][vc_column][vc_empty_space height=\u00bb70px\u00bb][vc_custom_heading text=\u00bbNuestra filosof\u00eda\u00bb font_container=\u00bbtag:h1|font_size:25|text_align:center|color:%23851619&#8243; google_fonts=\u00bbfont_family:Nunito%3A300%2Cregular%2C700|font_style:300%20light%20regular%3A300%3Anormal\u00bb][vc_empty_space][vc_column_text]<\/p>\n<p class=\"p1\" style=\"text-align: center;\"><span class=\"s1\">Creemos en un nuevo paradigma de la moda.\u00a0<\/span><\/p>\n<p class=\"p1\" style=\"text-align: center;\"><span class=\"s1\">Para nosotras la sostenibilidad viene desde adentro. Abocamos a nuestros valores, cualidades femeninas e intuitivas para crear nuevos est\u00e1ndares de trato humano, est\u00e9tica y del buen uso de los recursos naturales.\u00a0<\/span><span class=\"s1\">Estamos comprometidas a crear un impacto social positivo, defendiendo los derechos humanos, creando espacios de crecimiento para nuestro equipo de trabajo, para nuestros clientes y la sociedad en la que vivimos.<\/span><\/p>\n<p class=\"p1\" style=\"text-align: center;\"><span class=\"s1\">En et\u00e9rea, creemos en un desarrollo y crecimiento econ\u00f3mico org\u00e1nico con armon\u00eda y respeto al medio ambiente.\u00a0<\/span><span class=\"s1\">Nuestro n\u00facleo principal de trabajo est\u00e1 compuesto por mujeres comprometidas a colaborar y contribuir en una sociedad inclusiva y m\u00e1s justa.<\/span><\/p>\n<p class=\"p1\" style=\"text-align: center;\"><span class=\"s1\">Cada d\u00eda, buscamos que m\u00e1s mujeres levantemos juntas nuestra voz y trabajemos por el mundo en el que queremos vivir.<\/span><\/p>\n<p>[\/vc_column_text][\/vc_column][\/vc_row]<\/p>","protected":false},"excerpt":{"rendered":"<p>[vc_row type=\u00bbfull-nopad\u00bb content_placement=\u00bbtop\u00bb][vc_column][vc_single_image image=\u00bb1915&#8243; img_size=\u00bbfull\u00bb][\/vc_column][\/vc_row][vc_row equal_height=\u00bbyes\u00bb css=\u00bb.vc_custom_1506362560347{padding-top: 80px !important;padding-bottom: 80px !important;}\u00bb][vc_column][vc_custom_heading text=\u00bbEL OR\u00cdGEN DE ET\u00c9REA\u00bb font_container=\u00bbtag:h1|font_size:25|text_align:center|color:%23851619&#8243; google_fonts=\u00bbfont_family:Nunito%3A300%2Cregular%2C700|font_style:300%20light%20regular%3A300%3Anormal\u00bb][vc_empty_space][vc_column_text] Et\u00e9rea surge en el 2012 gracias a un llamado creativo, donde la moda y el dise\u00f1o sirven como un medio para explorar el arquetipo femenino en sus m\u00faltiples expresiones.\u00a0 Adicionalmente, et\u00e9rea busca expresar un estilo y perspectiva de &hellip;<\/p>\n","protected":false},"author":1,"featured_media":0,"parent":0,"menu_order":20,"comment_status":"closed","ping_status":"open","template":"","meta":{"footnotes":""},"class_list":["post-2","page","type-page","status-publish","hentry"],"_links":{"self":[{"href":"https:\/\/etereacostarica.com\/es\/wp-json\/wp\/v2\/pages\/2","targetHints":{"allow":["GET"]}}],"collection":[{"href":"https:\/\/etereacostarica.com\/es\/wp-json\/wp\/v2\/pages"}],"about":[{"href":"https:\/\/etereacostarica.com\/es\/wp-json\/wp\/v2\/types\/page"}],"author":[{"embeddable":true,"href":"https:\/\/etereacostarica.com\/es\/wp-json\/wp\/v2\/users\/1"}],"replies":[{"embeddable":true,"href":"https:\/\/etereacostarica.com\/es\/wp-json\/wp\/v2\/comments?post=2"}],"version-history":[{"count":7,"href":"https:\/\/etereacostarica.com\/es\/wp-json\/wp\/v2\/pages\/2\/revisions"}],"predecessor-version":[{"id":4046,"href":"https:\/\/etereacostarica.com\/es\/wp-json\/wp\/v2\/pages\/2\/revisions\/4046"}],"wp:attachment":[{"href":"https:\/\/etereacostarica.com\/es\/wp-json\/wp\/v2\/media?parent=2"}],"curies":[{"name":"wp","href":"https:\/\/api.w.org\/{rel}","templated":true}]}}