{"id":2522,"date":"2018-04-06T18:58:08","date_gmt":"2018-04-06T18:58:08","guid":{"rendered":"https:\/\/www.etereacostarica.com\/?page_id=2522"},"modified":"2023-08-16T16:50:15","modified_gmt":"2023-08-16T16:50:15","slug":"sustainability","status":"publish","type":"page","link":"https:\/\/etereacostarica.com\/es\/sustainability\/","title":{"rendered":"Dress Your Rights"},"content":{"rendered":"<p><\/p>\n<p>[vc_row css=\u00bb.vc_custom_1557984693765{padding-top: 20px !important;padding-bottom: 50px !important;}\u00bb][vc_column][vc_single_image source=\u00bbexternal_link\u00bb external_img_size=\u00bb200&#215;200&#8243; alignment=\u00bbcenter\u00bb custom_src=\u00bbhttps:\/\/www.dressyourrights.com\/wp-content\/uploads\/2019\/03\/logo.svg\u00bb][\/vc_column][\/vc_row][vc_row css=\u00bb.vc_custom_1557984962742{margin-bottom: 50px !important;border-top-width: 3px !important;border-right-width: 3px !important;border-bottom-width: 3px !important;border-left-width: 3px !important;padding-top: 40px !important;padding-right: 40px !important;padding-bottom: 40px !important;padding-left: 40px !important;border-left-color: #be2230 !important;border-left-style: solid !important;border-right-color: #be2230 !important;border-right-style: solid !important;border-top-color: #be2230 !important;border-top-style: solid !important;border-bottom-color: #be2230 !important;border-bottom-style: solid !important;}\u00bb][vc_column width=\u00bb2\/3&#8243;][vc_column_text css=\u00bb.vc_custom_1552687684246{padding-top: 0px !important;padding-right: 20px !important;padding-bottom: 0px !important;padding-left: 20px !important;}\u00bb]<\/p>\n<h4>Fundadoras<\/h4>\n<p><strong>Andrea Bel\u00e9n<\/strong>, fundadora de et\u00e9rea, profesional en Relaciones Internacionales con formaci\u00f3n en dise\u00f1o, activista y representante del movimiento <em>Slow Fashion*<\/em>, gestora de cambio social, de la comunicaci\u00f3n e inteligencia emocional y miembro fundador del Cl\u00faster de Dise\u00f1adores de Moda de Costa Rica junto con la Promotora de Comercio Exterior de Costa Rica (PROCOMER); con apoyo de<strong> Diana Trejos Herrera<\/strong>, Psic\u00f3loga y especialista en Estudios del Desarrollo Social con una trayectoria de m\u00e1s de 10 a\u00f1os en proyectos de desarrollo pol\u00edtico, econ\u00f3mico y social. Se reunieron una tarde para discutir los proyectos e iniciativas sociales m\u00e1s importantes que se encontraba desarrollando et\u00e9rea, a ra\u00edz de esta conversaci\u00f3n y tomando como factor com\u00fan la pasi\u00f3n por construir un mundo mejor, nace <strong>Fundaci\u00f3n DRESS YOUR RIGHTS<\/strong> como un brazo que acompa\u00f1a a Espacio y promueve formalmente acciones que impactan positivamente la sociedad y que adem\u00e1s responden a los retos del desarrollo global y de la industria de la moda.[\/vc_column_text][\/vc_column][vc_column width=\u00bb1\/3&#8243;][vc_single_image source=\u00bbexternal_link\u00bb external_img_size=\u00bb200&#215;200&#8243; alignment=\u00bbright\u00bb custom_src=\u00bbhttps:\/\/www.dressyourrights.com\/wp-content\/uploads\/2019\/02\/andreaxdiana.jpg\u00bb][\/vc_column][\/vc_row][vc_row css=\u00bb.vc_custom_1557985108862{margin-bottom: 50px !important;}\u00bb][vc_column width=\u00bb1\/3&#8243;][vc_column_text]<\/p>\n<h5>Objetivos<\/h5>\n<p>\u2013 Ser promotores de desarrollo econ\u00f3mico con, para, por las mujeres y contribuir con el emprendedurismo local. \u2013 Apoyar la facilitaci\u00f3n de empleo decente. \u2013 Ser voceros del Slow Fashion. \u2013 Ser gestores del Comercio Justo. \u2013 Promover y facilitar proyectos que colaboren con el desarrollo sostenible de la moda en respuesta a retos sociales. \u2013 Desarrollar alianzas estrat\u00e9gicas en pro del desarrollo sostenible. \u2013 Advocar por la moda sostenible.[\/vc_column_text][\/vc_column][vc_column width=\u00bb1\/3&#8243;][vc_column_text]<\/p>\n<h5>Misi\u00f3n<\/h5>\n<p>Gestionar y fomentar iniciativas que contribuyan y garanticen el desarrollo sostenible en la industria de la moda desde 3 pilares: \u2013 Econ\u00f3mico: producci\u00f3n y consumo responsable. \u2013 Ambiental: buenas pr\u00e1cticas y respeto el a los recursos naturales. \u2013 Social: equidad de g\u00e9nero e inclusi\u00f3n.[\/vc_column_text][\/vc_column][vc_column width=\u00bb1\/3&#8243;][vc_column_text]<\/p>\n<h5>Visi\u00f3n<\/h5>\n<p>Unir, coordinar el esfuerzo y talento de personas, organizaciones y empresas que desean sumarse al llamado de construir un mundo mejor, a trav\u00e9s de la industria de la moda con proyectos que garanticen la sostenibilidad.[\/vc_column_text][\/vc_column][\/vc_row][vc_row content_placement=\u00bbmiddle\u00bb full_width=\u00bbstretch_row\u00bb css=\u00bb.vc_custom_1557985195314{margin-bottom: 50px !important;padding-top: 10px !important;padding-right: 10px !important;padding-bottom: 10px !important;padding-left: 10px !important;background-color: #be2230 !important;}\u00bb][vc_column width=\u00bb2\/3&#8243; el_class=\u00bb.whitetext\u00bb][vc_column_text]<\/p>\n<h5><span style=\"color: #ffffff;\">* \u00bfQu\u00e9 es el Slow Fashion?<\/span><\/h5>\n<p><span style=\"color: #ffffff;\">El <em>Slow Fashion<\/em> es una filosof\u00eda de consumo responsable de la moda. Un movimiento que pretende mentalizar y educar a los ciudadanos sobre el impacto de las prendas de vestir en el medio ambiente, el agotamiento de recursos y el impacto de la industria textil en la sociedad. Nuestros compromisos como marca <em>Slow Fashion<\/em>: \u2013 Consumo inteligente \u2013 Producci\u00f3n a peque\u00f1a escala. \u2013 Los colaboradores son igual de importantes que los clientes. \u2013 Productos de calidad y durabilidad. \u2013 Aportar a un crecimiento econ\u00f3mico org\u00e1nico y responsable.<\/span><\/p>\n<p>[\/vc_column_text][\/vc_column][vc_column width=\u00bb1\/3&#8243;][vc_video link=\u00bbhttps:\/\/www.youtube.com\/watch?v=w8KAb18Y4cs\u00bb][\/vc_column][\/vc_row][vc_row css=\u00bb.vc_custom_1557985224791{margin-bottom: 50px !important;}\u00bb][vc_column][vc_column_text]<\/p>\n<h5 style=\"text-align: center;\">Aliados<\/h5>\n<p><img loading=\"lazy\" decoding=\"async\" class=\"wp-image-33 aligncenter\" src=\"https:\/\/www.dressyourrights.com\/wp-content\/uploads\/2019\/02\/logo_crusa-300x98.png\" alt=\"\" width=\"193\" height=\"63\" \/> [\/vc_column_text][\/vc_column][\/vc_row]<\/p>\n<p>[vc_row css=\u00bb.vc_custom_1557985301790{margin-bottom: 50px !important;}\u00bb][vc_column]\n\t\t\t<div class=\"nm_btn_align_center\">\n\t\t\t\t<a href=\"\/\/dressyourrights.com\" class=\"nm_btn nm_btn_md nm_btn_filled\"target=\" _blank\">\n\t\t\t\t\t<span class=\"nm_btn_title\">Sitio web de Dress Your Rights<\/span>\n\t\t\t\t\t<span class=\"nm_btn_bg\" style=\"background-color:#be2230;\"><\/span>\n\t\t\t\t<\/a>\n\t\t\t<\/div>[\/vc_column][\/vc_row]<\/p>\n<p><\/p>","protected":false},"excerpt":{"rendered":"<p>[vc_row css=\u00bb.vc_custom_1557984693765{padding-top: 20px !important;padding-bottom: 50px !important;}\u00bb][vc_column][vc_single_image source=\u00bbexternal_link\u00bb external_img_size=\u00bb200&#215;200&#8243; alignment=\u00bbcenter\u00bb custom_src=\u00bbhttps:\/\/www.dressyourrights.com\/wp-content\/uploads\/2019\/03\/logo.svg\u00bb][\/vc_column][\/vc_row][vc_row css=\u00bb.vc_custom_1557984962742{margin-bottom: 50px !important;border-top-width: 3px !important;border-right-width: 3px !important;border-bottom-width: 3px !important;border-left-width: 3px !important;padding-top: 40px !important;padding-right: 40px !important;padding-bottom: 40px !important;padding-left: 40px !important;border-left-color: #be2230 !important;border-left-style: solid !important;border-right-color: #be2230 !important;border-right-style: solid !important;border-top-color: #be2230 !important;border-top-style: solid !important;border-bottom-color: #be2230 !important;border-bottom-style: solid !important;}\u00bb][vc_column width=\u00bb2\/3&#8243;][vc_column_text css=\u00bb.vc_custom_1552687684246{padding-top: 0px !important;padding-right: 20px !important;padding-bottom: 0px !important;padding-left: 20px !important;}\u00bb] &hellip;<\/p>\n","protected":false},"author":1,"featured_media":0,"parent":0,"menu_order":11,"comment_status":"closed","ping_status":"closed","template":"","meta":{"footnotes":""},"class_list":["post-2522","page","type-page","status-publish","hentry"],"_links":{"self":[{"href":"https:\/\/etereacostarica.com\/es\/wp-json\/wp\/v2\/pages\/2522","targetHints":{"allow":["GET"]}}],"collection":[{"href":"https:\/\/etereacostarica.com\/es\/wp-json\/wp\/v2\/pages"}],"about":[{"href":"https:\/\/etereacostarica.com\/es\/wp-json\/wp\/v2\/types\/page"}],"author":[{"embeddable":true,"href":"https:\/\/etereacostarica.com\/es\/wp-json\/wp\/v2\/users\/1"}],"replies":[{"embeddable":true,"href":"https:\/\/etereacostarica.com\/es\/wp-json\/wp\/v2\/comments?post=2522"}],"version-history":[{"count":36,"href":"https:\/\/etereacostarica.com\/es\/wp-json\/wp\/v2\/pages\/2522\/revisions"}],"predecessor-version":[{"id":4042,"href":"https:\/\/etereacostarica.com\/es\/wp-json\/wp\/v2\/pages\/2522\/revisions\/4042"}],"wp:attachment":[{"href":"https:\/\/etereacostarica.com\/es\/wp-json\/wp\/v2\/media?parent=2522"}],"curies":[{"name":"wp","href":"https:\/\/api.w.org\/{rel}","templated":true}]}}