{"id":28,"date":"2016-02-27T02:40:35","date_gmt":"2016-02-27T02:40:35","guid":{"rendered":"http:\/\/www.etereacostarica.com\/my-account\/"},"modified":"2023-08-16T16:21:05","modified_gmt":"2023-08-16T16:21:05","slug":"my-account","status":"publish","type":"page","link":"https:\/\/etereacostarica.com\/es\/my-account\/","title":{"rendered":"My Account"},"content":{"rendered":"<div class=\"woocommerce\">\n\n<div id=\"customer_login\" class=\"nm-myaccount-login\">\n\t\t\t\n    <div class=\"nm-myaccount-login-inner\">\n\t\t\n        <div id=\"nm-login-wrap\" class=\"inline slide-up fade-in\">\n            <h2>Acceder<\/h2>\n    \n            <form method=\"post\" class=\"login\">\n    \t\t\t\n                                \n                    \n                <p class=\"form-row form-row-wide\">\n                    <label for=\"username\">Nombre de usuario o correo electr\u00f3nico <span class=\"required\">*<\/span><\/label>\n                    <input type=\"text\" class=\"woocommerce-Input woocommerce-Input--text input-text\" name=\"username\" id=\"username\" value=\"\" \/>\n                <\/p>\n                <p class=\"form-row form-row-wide\">\n                    <label for=\"password\">Contrase\u00f1a <span class=\"required\">*<\/span><\/label>\n                    <input class=\"input-text\" type=\"password\" name=\"password\" id=\"password\" \/>\n                <\/p>\n    \n                                \n                <p class=\"form-row form-group\">\n                    <label class=\"woocommerce-form__label woocommerce-form__label-for-checkbox inline\">\n                        <input class=\"woocommerce-form__input woocommerce-form__input-checkbox\" name=\"rememberme\" type=\"checkbox\" id=\"rememberme\" value=\"forever\" \/> <span>Recu\u00e9rdame<\/span>\n                    <\/label>\n                    \n                    <span class=\"woocommerce-LostPassword lost_password\">\n                        <a href=\"https:\/\/etereacostarica.com\/es\/my-account\/lost-password\/\">\u00bfOlvidaste la contrase\u00f1a?<\/a>\n                    <\/span>\n                <\/p>\n                \n                <p class=\"form-actions\">\n                    <input type=\"hidden\" id=\"woocommerce-login-nonce\" name=\"woocommerce-login-nonce\" value=\"7dcaa9c172\" \/><input type=\"hidden\" name=\"_wp_http_referer\" value=\"\/es\/wp-json\/wp\/v2\/pages\/28\" \/>                    <input type=\"submit\" class=\"button\" name=\"login\" value=\"Acceder\" \/>\n                    \n                                        <div class=\"nm-login-form-divider\"><span>Or<\/span><\/div>\n                    \n                    <a href=\"#\" id=\"nm-show-register-button\" class=\"button border\">Create an account<\/a>\n                                    <\/p>\n                \n                    \n            <\/form>\n        <\/div>\n\n        \n        <div id=\"nm-register-wrap\">\n            <h2>Registrarse<\/h2>\n    \n            <form method=\"post\" class=\"register\">\n    \t\t\t\n                                \n                    \n                    \n                <p class=\"form-row form-row-wide\">\n                    <label for=\"reg_email\">Correo electr\u00f3nico <span class=\"required\">*<\/span><\/label>\n                    <input type=\"email\" class=\"woocommerce-Input woocommerce-Input--text input-text\" name=\"email\" id=\"reg_email\" value=\"\" \/>\n                <\/p>\n    \n                    \n                    <p class=\"form-row form-row-wide\">\n                        <label for=\"reg_password\">Contrase\u00f1a <span class=\"required\">*<\/span><\/label>\n                        <input type=\"password\" class=\"input-text\" name=\"password\" id=\"reg_password\" \/>\n                    <\/p>\n    \n                    \n                <!-- Spam Trap -->\n                <div style=\"left: -999em; position: absolute;\"><label for=\"trap\">Anti-spam<\/label><input type=\"text\" name=\"email_2\" id=\"trap\" tabindex=\"-1\" autocomplete=\"off\" \/><\/div>\n                \n                <div class=\"woocommerce-privacy-policy-text\"><\/div>                                \n                <p class=\"form-actions\">\n                    <input type=\"hidden\" id=\"woocommerce-register-nonce\" name=\"woocommerce-register-nonce\" value=\"1c7bf9f30a\" \/><input type=\"hidden\" name=\"_wp_http_referer\" value=\"\/es\/wp-json\/wp\/v2\/pages\/28\" \/>                    <input type=\"submit\" class=\"button\" name=\"register\" value=\"Registrarse\" \/>\n                    \n                                        <div class=\"nm-login-form-divider\"><span>Or<\/span><\/div>\n                    \n                    <a href=\"#\" id=\"nm-show-login-button\" class=\"button border\">Acceder<\/a>\n                                    <\/p>\n                \n                    \n            <\/form>\n        <\/div>\n    \n        \n            \n    <\/div>\n<\/div>\n<\/div>\n","protected":false},"excerpt":{"rendered":"Acceder Nombre de usuario o correo electr\u00f3nico * Contrase\u00f1a * Recu\u00e9rdame \u00bfOlvidaste la contrase\u00f1a? Or Create an account Registrarse Correo electr\u00f3nico * Contrase\u00f1a * Anti-spam Or Acceder","protected":false},"author":1,"featured_media":0,"parent":0,"menu_order":27,"comment_status":"closed","ping_status":"closed","template":"","meta":{"footnotes":""},"class_list":["post-28","page","type-page","status-publish","hentry"],"_links":{"self":[{"href":"https:\/\/etereacostarica.com\/es\/wp-json\/wp\/v2\/pages\/28","targetHints":{"allow":["GET"]}}],"collection":[{"href":"https:\/\/etereacostarica.com\/es\/wp-json\/wp\/v2\/pages"}],"about":[{"href":"https:\/\/etereacostarica.com\/es\/wp-json\/wp\/v2\/types\/page"}],"author":[{"embeddable":true,"href":"https:\/\/etereacostarica.com\/es\/wp-json\/wp\/v2\/users\/1"}],"replies":[{"embeddable":true,"href":"https:\/\/etereacostarica.com\/es\/wp-json\/wp\/v2\/comments?post=28"}],"version-history":[{"count":1,"href":"https:\/\/etereacostarica.com\/es\/wp-json\/wp\/v2\/pages\/28\/revisions"}],"predecessor-version":[{"id":4026,"href":"https:\/\/etereacostarica.com\/es\/wp-json\/wp\/v2\/pages\/28\/revisions\/4026"}],"wp:attachment":[{"href":"https:\/\/etereacostarica.com\/es\/wp-json\/wp\/v2\/media?parent=28"}],"curies":[{"name":"wp","href":"https:\/\/api.w.org\/{rel}","templated":true}]}}