{"id":3843,"date":"2021-05-06T07:40:24","date_gmt":"2021-05-06T07:40:24","guid":{"rendered":"https:\/\/etereacostarica.com\/?page_id=3843"},"modified":"2026-05-15T19:44:30","modified_gmt":"2026-05-15T19:44:30","slug":"landing","status":"publish","type":"page","link":"https:\/\/etereacostarica.com\/es\/","title":{"rendered":"Landing"},"content":{"rendered":"<p>[vc_row content_placement=\u00bbmiddle\u00bb css=\u00bb.vc_custom_1622174098906{padding-top: 250px !important;padding-bottom: 250px !important;background: #e0e0e0 url(https:\/\/etereacostarica.com\/wp-content\/uploads\/2026\/05\/background-1.jpg) !important;background-position: center !important;background-repeat: no-repeat !important;background-size: cover !important;}\u00bb][vc_column][vc_column_text]<\/p>\n<p style=\"text-align: center; color: #fff; font-size: 24px; letter-spacing: 0.20em; font-weight: 300;\">pr\u00f3ximamente<\/p>\n<h1 style=\"text-align: center; color: #fff;\">NUEVA COLECCI\u00d3N<\/h1>\n<h3 style=\"text-align: center; color: #fff;\">Dress as your Higher Self<\/h3>\n<p style=\"text-align: center; margin-top: 50px; font-size: 18px; letter-spacing: 0.12em; font-weight: 600;\"><a href=\"#popmake-3940\"><em>lista de espera<\/em><\/a><\/p>\n<p>[\/vc_column_text][\/vc_column][\/vc_row][vc_row content_placement=\u00bbmiddle\u00bb css=\u00bb.vc_custom_1620456540065{background-color: #b9816a !important;}\u00bb el_class=\u00bbcenter\u00bb][vc_column][vc_column_text]<\/p>\n<h3 style=\"color: #fff;\"><strong>Dress your rights<\/strong> es una fundaci\u00f3n que promueve una tendencia hacia la conciencia social, econ\u00f3mica y medioambiental.<br \/>\nPromovemos el desarrollo econ\u00f3mico con, para y por las <strong>mujeres<\/strong>.Nuestro compromiso es fomentar pr\u00e1cticas de comportamiento de consumo y producci\u00f3n responsables.<\/h3>\n<p>[\/vc_column_text][vc_column_text]<\/p>\n<p style=\"text-align: right; margin-top: 20px;\"><a href=\"#\">leer m\u00e1s<\/a><\/p>\n<p>[\/vc_column_text][\/vc_column][\/vc_row][vc_row content_placement=\u00bbmiddle\u00bb el_class=\u00bbcenter\u00bb][vc_column][vc_column_text el_class=\u00bblogos\u00bb]<\/p>\n<h4>Presentado en<\/h4>\n<p>&nbsp;<\/p>\n<div style=\"text-align: center;\"><img loading=\"lazy\" decoding=\"async\" src=\"https:\/\/etereacostarica.com\/wp-content\/uploads\/2018\/06\/Elle-1.png\" alt=\"\" width=\"162\" height=\"64\" \/><img loading=\"lazy\" decoding=\"async\" src=\"https:\/\/etereacostarica.com\/wp-content\/uploads\/2021\/05\/vogue-logo-1.png\" alt=\"\" width=\"184\" height=\"80\" \/><img loading=\"lazy\" decoding=\"async\" src=\"https:\/\/etereacostarica.com\/wp-content\/uploads\/2021\/05\/forbes-mexico.png\" alt=\"\" width=\"160\" height=\"74\" \/><\/div>\n<div style=\"text-align: center;\"><img loading=\"lazy\" decoding=\"async\" src=\"https:\/\/etereacostarica.com\/wp-content\/uploads\/2021\/05\/traffric-logo.jpg\" alt=\"\" width=\"166\" height=\"37\" \/><img loading=\"lazy\" decoding=\"async\" src=\"https:\/\/etereacostarica.com\/wp-content\/uploads\/2018\/06\/images.jpg\" alt=\"\" width=\"167\" height=\"94\" \/><img loading=\"lazy\" decoding=\"async\" src=\"https:\/\/etereacostarica.com\/wp-content\/uploads\/2021\/05\/tedx.jpeg\" alt=\"\" width=\"167\" height=\"94\" \/><\/div>\n<p>[\/vc_column_text][\/vc_column][\/vc_row][vc_row content_placement=\u00bbmiddle\u00bb css=\u00bb.vc_custom_1620888276753{background-color: #ede4d8 !important;}\u00bb el_class=\u00bbcenter\u00bb el_id=\u00bblinks\u00bb][vc_column width=\u00bb1\/3&#8243;][vc_raw_html]JTNDZGl2JTIwc3R5bGUlM0QlMjJ0ZXh0LWFsaWduJTNBY2VudGVyJTNCJTIyJTNFJTNDaW1nJTIwc3JjJTNEJTIyaHR0cHMlM0ElMkYlMkZldGVyZWFjb3N0YXJpY2EuY29tJTJGd3AtY29udGVudCUyRnVwbG9hZHMlMkYyMDIxJTJGMDUlMkZzaGlwcGluZy0xLnN2ZyUyMiUyMHdpZHRoJTNEJTIyMTAwcHglMjIlM0UlM0MlMkZkaXYlM0U=[\/vc_raw_html][vc_column_text]<\/p>\n<h4 style=\"text-align: center;\"><a href=\"https:\/\/etereacostarica.com\/shipping-returns\/\">Env\u00edos y devoluciones<\/a><\/h4>\n<p>&nbsp;<\/p>\n<p style=\"text-align: center;\">Nuestros precios incluyendo gastos de env\u00edo y manipulaci\u00f3n.<\/p>\n<p>[\/vc_column_text][\/vc_column][vc_column width=\u00bb1\/3&#8243;][vc_raw_html]JTNDZGl2JTIwc3R5bGUlM0QlMjJ0ZXh0LWFsaWduJTNBY2VudGVyJTNCJTIyJTNFJTNDaW1nJTIwc3JjJTNEJTIyaHR0cHMlM0ElMkYlMkZldGVyZWFjb3N0YXJpY2EuY29tJTJGd3AtY29udGVudCUyRnVwbG9hZHMlMkYyMDIxJTJGMDUlMkZsZXR0ZXItMS5zdmclMjIlMjB3aWR0aCUzRCUyMjEwMHB4JTIyJTNFJTNDJTJGZGl2JTNF[\/vc_raw_html][vc_column_text]<\/p>\n<h4 style=\"text-align: center;\">Servicio al Cliente<\/h4>\n<p>&nbsp;<\/p>\n<p style=\"text-align: center;\">info@etereacostarica.com<\/p>\n<p>[\/vc_column_text][\/vc_column][vc_column width=\u00bb1\/3&#8243;][vc_raw_html]JTNDZGl2JTIwc3R5bGUlM0QlMjJ0ZXh0LWFsaWduJTNBY2VudGVyJTNCJTIyJTNFJTNDaW1nJTIwc3JjJTNEJTIyaHR0cHMlM0ElMkYlMkZldGVyZWFjb3N0YXJpY2EuY29tJTJGd3AtY29udGVudCUyRnVwbG9hZHMlMkYyMDIxJTJGMDUlMkZmYXFzLTEuc3ZnJTIyJTIwd2lkdGglM0QlMjIxMDBweCUyMiUzRSUzQyUyRmRpdiUzRQ==[\/vc_raw_html][vc_column_text]<\/p>\n<h4 style=\"text-align: center;\"><a href=\"https:\/\/etereacostarica.com\/faq\/\">Preguntas Frecuentes<\/a><\/h4>\n<p>&nbsp;<\/p>\n<p style=\"text-align: center;\">\u00bfPreguntas? Consulte nuestras preguntas frecuentes para obtener m\u00e1s informaci\u00f3n.<\/p>\n<p>[\/vc_column_text][\/vc_column][\/vc_row][vc_row content_placement=\u00bbmiddle\u00bb css=\u00bb.vc_custom_1677004263379{padding-top: 200px !important;padding-bottom: 170px !important;background-color: #777777 !important;background-position: center !important;background-repeat: no-repeat !important;background-size: cover !important;}\u00bb][vc_column][vc_column_text]<\/p>\n<h2 style=\"text-align: center; color: #fff;\">\u201cVestimos nuestros derechos, valores y esperanzas\u201d<\/h2>\n<p>[\/vc_column_text]\n\t\t\t<div class=\"nm_btn_align_center\">\n\t\t\t\t<a href=\"https:\/\/etereacostarica.com\/contact\/\" class=\"nm_btn nm_btn_md nm_btn_filled\">\n\t\t\t\t\t<span class=\"nm_btn_title\">Cont\u00e1ctenos<\/span>\n\t\t\t\t\t<span class=\"nm_btn_bg\" style=\"background-color:#000000;\"><\/span>\n\t\t\t\t<\/a>\n\t\t\t<\/div>[\/vc_column][\/vc_row]<\/p>","protected":false},"excerpt":{"rendered":"<p>[vc_row content_placement=\u00bbmiddle\u00bb css=\u00bb.vc_custom_1622174098906{padding-top: 250px !important;padding-bottom: 250px !important;background: #e0e0e0 url(https:\/\/etereacostarica.com\/wp-content\/uploads\/2026\/05\/background-1.jpg) !important;background-position: center !important;background-repeat: no-repeat !important;background-size: cover !important;}\u00bb][vc_column][vc_column_text] pr\u00f3ximamente NUEVA COLECCI\u00d3N Dress as your Higher Self lista de espera [\/vc_column_text][\/vc_column][\/vc_row][vc_row content_placement=\u00bbmiddle\u00bb css=\u00bb.vc_custom_1620456540065{background-color: #b9816a !important;}\u00bb el_class=\u00bbcenter\u00bb][vc_column][vc_column_text] Dress your rights es una fundaci\u00f3n que promueve una tendencia hacia la conciencia social, econ\u00f3mica y medioambiental. Promovemos el desarrollo econ\u00f3mico con, &hellip;<\/p>\n","protected":false},"author":1,"featured_media":0,"parent":0,"menu_order":1,"comment_status":"closed","ping_status":"closed","template":"page-full.php","meta":{"footnotes":""},"class_list":["post-3843","page","type-page","status-publish","hentry"],"_links":{"self":[{"href":"https:\/\/etereacostarica.com\/es\/wp-json\/wp\/v2\/pages\/3843","targetHints":{"allow":["GET"]}}],"collection":[{"href":"https:\/\/etereacostarica.com\/es\/wp-json\/wp\/v2\/pages"}],"about":[{"href":"https:\/\/etereacostarica.com\/es\/wp-json\/wp\/v2\/types\/page"}],"author":[{"embeddable":true,"href":"https:\/\/etereacostarica.com\/es\/wp-json\/wp\/v2\/users\/1"}],"replies":[{"embeddable":true,"href":"https:\/\/etereacostarica.com\/es\/wp-json\/wp\/v2\/comments?post=3843"}],"version-history":[{"count":99,"href":"https:\/\/etereacostarica.com\/es\/wp-json\/wp\/v2\/pages\/3843\/revisions"}],"predecessor-version":[{"id":4124,"href":"https:\/\/etereacostarica.com\/es\/wp-json\/wp\/v2\/pages\/3843\/revisions\/4124"}],"wp:attachment":[{"href":"https:\/\/etereacostarica.com\/es\/wp-json\/wp\/v2\/media?parent=3843"}],"curies":[{"name":"wp","href":"https:\/\/api.w.org\/{rel}","templated":true}]}}