{"id":3175,"date":"2018-05-19T01:05:26","date_gmt":"2018-05-19T01:05:26","guid":{"rendered":"https:\/\/www.etereacostarica.com\/?post_type=product&#038;p=3175"},"modified":"2018-07-05T18:15:02","modified_gmt":"2018-07-05T18:15:02","slug":"lua","status":"publish","type":"product","link":"https:\/\/etereacostarica.com\/es\/product\/lua\/","title":{"rendered":"Lua"},"content":{"rendered":"<p><\/p>\n<p style=\"text-align: center;\">Para d\u00edas c\u00e1lidos y pasos alegres. Un dise\u00f1o simple y bello, estas sandalias se convertir\u00e1n en unas de tus preferidas.<\/p>\n<p><\/p>","protected":false},"excerpt":{"rendered":"<p style=\"text-align: left;\">Detalles<\/p>\n<ul style=\"text-align: left;\">\n<li>Suela plana<\/li>\n<li>Producto 100% artesanal manufacturado en Costa Rica<\/li>\n<\/ul>\n<p>&nbsp;<\/p>\n<p>Disponible (puede ser pre-orden)<\/p>\n","protected":false},"featured_media":3192,"comment_status":"closed","ping_status":"closed","template":"","meta":[],"class_list":{"0":"post-3175","1":"product","2":"type-product","3":"status-publish","4":"has-post-thumbnail","6":"product_cat-shoes","7":"pa_size-17","8":"pa_size-36","9":"pa_size-11","10":"pa_size-12","11":"pa_size-14","12":"pa_size-15","13":"pa_size-16","15":"first","16":"instock","17":"shipping-taxable","18":"purchasable","19":"product-type-variable","20":"has-default-attributes"},"_links":{"self":[{"href":"https:\/\/etereacostarica.com\/es\/wp-json\/wp\/v2\/product\/3175","targetHints":{"allow":["GET"]}}],"collection":[{"href":"https:\/\/etereacostarica.com\/es\/wp-json\/wp\/v2\/product"}],"about":[{"href":"https:\/\/etereacostarica.com\/es\/wp-json\/wp\/v2\/types\/product"}],"replies":[{"embeddable":true,"href":"https:\/\/etereacostarica.com\/es\/wp-json\/wp\/v2\/comments?post=3175"}],"wp:featuredmedia":[{"embeddable":true,"href":"https:\/\/etereacostarica.com\/es\/wp-json\/wp\/v2\/media\/3192"}],"wp:attachment":[{"href":"https:\/\/etereacostarica.com\/es\/wp-json\/wp\/v2\/media?parent=3175"}],"curies":[{"name":"wp","href":"https:\/\/api.w.org\/{rel}","templated":true}]}}