{"id":830,"date":"2017-07-18T07:19:22","date_gmt":"2017-07-18T07:19:22","guid":{"rendered":"http:\/\/www.etereacostarica.com\/?post_type=product&#038;p=830"},"modified":"2018-07-05T20:25:54","modified_gmt":"2018-07-05T20:25:54","slug":"round-minimal-bodysuit","status":"publish","type":"product","link":"https:\/\/etereacostarica.com\/es\/product\/round-minimal-bodysuit\/","title":{"rendered":"Round Minimal Bodysuit"},"content":{"rendered":"<p><\/p>\n<p style=\"text-align: center;\">Para un look chic y juvenil.\u00a0Ideal para viajes de verano o tardes de caf\u00e9, sea donde sea,<br \/>\nning\u00fan rayo de sol brillar\u00e1 m\u00e1s que vos en esta incre\u00edble pieza.<\/p>\n<p><\/p>","protected":false},"excerpt":{"rendered":"<p>Detalles<\/p>\n<ul>\n<li>Forro interno<\/li>\n<li>Escote redondo al frente<\/li>\n<li>Escote bajo en la espalda<\/li>\n<\/ul>\n<p>&#8216;-<\/p>\n<p>Disponible (puede ser pre-orden)<\/p>\n","protected":false},"featured_media":3096,"comment_status":"closed","ping_status":"closed","template":"","meta":[],"class_list":{"0":"post-830","1":"product","2":"type-product","3":"status-publish","4":"has-post-thumbnail","6":"product_cat-classics","7":"product_cat-swimwear","8":"product_cat-bodies","9":"pa_size-xs","10":"pa_size-l","11":"pa_size-m","12":"pa_size-s","14":"first","15":"instock","16":"shipping-taxable","17":"purchasable","18":"product-type-variable","19":"has-default-attributes"},"_links":{"self":[{"href":"https:\/\/etereacostarica.com\/es\/wp-json\/wp\/v2\/product\/830","targetHints":{"allow":["GET"]}}],"collection":[{"href":"https:\/\/etereacostarica.com\/es\/wp-json\/wp\/v2\/product"}],"about":[{"href":"https:\/\/etereacostarica.com\/es\/wp-json\/wp\/v2\/types\/product"}],"replies":[{"embeddable":true,"href":"https:\/\/etereacostarica.com\/es\/wp-json\/wp\/v2\/comments?post=830"}],"wp:featuredmedia":[{"embeddable":true,"href":"https:\/\/etereacostarica.com\/es\/wp-json\/wp\/v2\/media\/3096"}],"wp:attachment":[{"href":"https:\/\/etereacostarica.com\/es\/wp-json\/wp\/v2\/media?parent=830"}],"curies":[{"name":"wp","href":"https:\/\/api.w.org\/{rel}","templated":true}]}}