{"id":841,"date":"2017-07-18T07:22:38","date_gmt":"2017-07-18T07:22:38","guid":{"rendered":"http:\/\/www.etereacostarica.com\/?post_type=product&#038;p=841"},"modified":"2018-07-05T20:31:41","modified_gmt":"2018-07-05T20:31:41","slug":"infinity-body","status":"publish","type":"product","link":"https:\/\/etereacostarica.com\/es\/product\/infinity-body\/","title":{"rendered":"Infinity Bodysuit"},"content":{"rendered":"<p><\/p>\n<p style=\"text-align: center;\">La pieza m\u00e1s vers\u00e1til entre nuestros dise\u00f1os.<br \/>\nLo puedes utilizar como bodysuit o beachwear, ya que da el ajuste perfecto para cualquier ocasi\u00f3n.<\/p>\n<p><\/p>","protected":false},"excerpt":{"rendered":"<p>Detalles<\/p>\n<ul>\n<li>Amarre de tiras largas fruncidas.<\/li>\n<li>El\u00e1stico en el contorno de la cintura<\/li>\n<\/ul>\n<p>&nbsp;<\/p>\n<p>Disponible (puede ser pre-orden)<\/p>\n","protected":false},"featured_media":975,"comment_status":"closed","ping_status":"closed","template":"","meta":[],"class_list":{"0":"post-841","1":"product","2":"type-product","3":"status-publish","4":"has-post-thumbnail","6":"product_cat-classics","7":"product_cat-recien-llegados","8":"product_cat-swimwear","9":"product_cat-bodies","10":"pa_size-xs","11":"pa_size-l","12":"pa_size-m","13":"pa_size-s","15":"first","16":"instock","17":"shipping-taxable","18":"purchasable","19":"product-type-variable","20":"has-default-attributes"},"_links":{"self":[{"href":"https:\/\/etereacostarica.com\/es\/wp-json\/wp\/v2\/product\/841","targetHints":{"allow":["GET"]}}],"collection":[{"href":"https:\/\/etereacostarica.com\/es\/wp-json\/wp\/v2\/product"}],"about":[{"href":"https:\/\/etereacostarica.com\/es\/wp-json\/wp\/v2\/types\/product"}],"replies":[{"embeddable":true,"href":"https:\/\/etereacostarica.com\/es\/wp-json\/wp\/v2\/comments?post=841"}],"wp:featuredmedia":[{"embeddable":true,"href":"https:\/\/etereacostarica.com\/es\/wp-json\/wp\/v2\/media\/975"}],"wp:attachment":[{"href":"https:\/\/etereacostarica.com\/es\/wp-json\/wp\/v2\/media?parent=841"}],"curies":[{"name":"wp","href":"https:\/\/api.w.org\/{rel}","templated":true}]}}