{"id":863,"date":"2017-07-18T07:46:30","date_gmt":"2017-07-18T07:46:30","guid":{"rendered":"http:\/\/www.etereacostarica.com\/?post_type=product&#038;p=863"},"modified":"2018-07-05T19:12:49","modified_gmt":"2018-07-05T19:12:49","slug":"comfy-pant","status":"publish","type":"product","link":"https:\/\/etereacostarica.com\/es\/product\/comfy-pant\/","title":{"rendered":"Comfy Pants"},"content":{"rendered":"<p><\/p>\n<p style=\"text-align: center;\">No hay nada que represente mejor la comodidad y el estilo que los Comfy Pants.<br \/>\nCon su sutil holgura y delicado dise\u00f1o minimalista se acoplan a cualquier<br \/>\nocasi\u00f3n, casual o formal, para darle elegancia y movimiento a cada paso que das.<\/p>\n<p><\/p>","protected":false},"excerpt":{"rendered":"<p>Detalles<\/p>\n<ul>\n<li>Pantal\u00f3n ancho con el\u00e1stico atr\u00e1s<\/li>\n<li>Vuelo decorativo al costado<\/li>\n<li>Amarre de lazo al frente<\/li>\n<\/ul>\n<p>&nbsp;<\/p>\n<p>Disponible (puede ser pre-orden)<\/p>\n","protected":false},"featured_media":3098,"comment_status":"closed","ping_status":"closed","template":"","meta":[],"class_list":{"0":"post-863","1":"product","2":"type-product","3":"status-publish","4":"has-post-thumbnail","6":"product_cat-classics","7":"product_cat-recien-llegados","8":"product_cat-pants-shorts","9":"pa_size-xs","10":"pa_size-l","11":"pa_size-m","12":"pa_size-s","14":"first","15":"instock","16":"shipping-taxable","17":"purchasable","18":"product-type-variable","19":"has-default-attributes"},"_links":{"self":[{"href":"https:\/\/etereacostarica.com\/es\/wp-json\/wp\/v2\/product\/863","targetHints":{"allow":["GET"]}}],"collection":[{"href":"https:\/\/etereacostarica.com\/es\/wp-json\/wp\/v2\/product"}],"about":[{"href":"https:\/\/etereacostarica.com\/es\/wp-json\/wp\/v2\/types\/product"}],"replies":[{"embeddable":true,"href":"https:\/\/etereacostarica.com\/es\/wp-json\/wp\/v2\/comments?post=863"}],"wp:featuredmedia":[{"embeddable":true,"href":"https:\/\/etereacostarica.com\/es\/wp-json\/wp\/v2\/media\/3098"}],"wp:attachment":[{"href":"https:\/\/etereacostarica.com\/es\/wp-json\/wp\/v2\/media?parent=863"}],"curies":[{"name":"wp","href":"https:\/\/api.w.org\/{rel}","templated":true}]}}