{"id":915,"date":"2017-07-20T07:17:51","date_gmt":"2017-07-20T07:17:51","guid":{"rendered":"http:\/\/www.etereacostarica.com\/?post_type=product&#038;p=915"},"modified":"2018-06-13T17:15:49","modified_gmt":"2018-06-13T17:15:49","slug":"rainforest-minimal-bodysuit","status":"publish","type":"product","link":"https:\/\/etereacostarica.com\/es\/product\/rainforest-minimal-bodysuit\/","title":{"rendered":"Rainforest Minimal Bodysuit"},"content":{"rendered":"<p><\/p>\n<p style=\"text-align: center;\">El body Rainforest es una pieza sin igual, que te har\u00e1 sentir la pasi\u00f3n de nuestro hermoso para\u00edso tropical. Para salidas extraordinarias entre la selva tropical, en la playa o la ciudad, este body es el ideal.<\/p>\n<p><\/p>","protected":false},"excerpt":{"rendered":"<p>Detalles<\/p>\n<ul>\n<li>Forro interno<\/li>\n<li>Manga corta<\/li>\n<li>Escote bajo en la espalda<\/li>\n<\/ul>\n","protected":false},"featured_media":967,"comment_status":"closed","ping_status":"closed","template":"","meta":[],"class_list":{"0":"post-915","1":"product","2":"type-product","3":"status-publish","4":"has-post-thumbnail","6":"product_cat-classics","7":"product_cat-swimwear","8":"product_cat-bodies","9":"pa_size-xs","10":"pa_size-l","11":"pa_size-m","12":"pa_size-s","14":"first","15":"instock","16":"shipping-taxable","17":"purchasable","18":"product-type-variable","19":"has-default-attributes"},"_links":{"self":[{"href":"https:\/\/etereacostarica.com\/es\/wp-json\/wp\/v2\/product\/915","targetHints":{"allow":["GET"]}}],"collection":[{"href":"https:\/\/etereacostarica.com\/es\/wp-json\/wp\/v2\/product"}],"about":[{"href":"https:\/\/etereacostarica.com\/es\/wp-json\/wp\/v2\/types\/product"}],"replies":[{"embeddable":true,"href":"https:\/\/etereacostarica.com\/es\/wp-json\/wp\/v2\/comments?post=915"}],"wp:featuredmedia":[{"embeddable":true,"href":"https:\/\/etereacostarica.com\/es\/wp-json\/wp\/v2\/media\/967"}],"wp:attachment":[{"href":"https:\/\/etereacostarica.com\/es\/wp-json\/wp\/v2\/media?parent=915"}],"curies":[{"name":"wp","href":"https:\/\/api.w.org\/{rel}","templated":true}]}}